{"id":577,"date":"2018-11-27T09:17:56","date_gmt":"2018-11-27T11:17:56","guid":{"rendered":"https:\/\/dakasaacaiteria.com.br\/?page_id=577"},"modified":"2024-06-18T18:06:30","modified_gmt":"2024-06-18T21:06:30","slug":"contato","status":"publish","type":"page","link":"https:\/\/dakasaacaiteria.com.br\/?page_id=577","title":{"rendered":"Contato"},"content":{"rendered":"\t\t<div data-elementor-type=\"wp-post\" data-elementor-id=\"577\" class=\"elementor elementor-577\">\n\t\t\t\t\t\t<section class=\"elementor-section elementor-top-section elementor-element elementor-element-3906703 elementor-section-boxed elementor-section-height-default elementor-section-height-default\" data-id=\"3906703\" data-element_type=\"section\" data-settings=\"{&quot;background_background&quot;:&quot;classic&quot;}\">\n\t\t\t\t\t\t\t<div class=\"elementor-background-overlay\"><\/div>\n\t\t\t\t\t\t\t<div class=\"elementor-container elementor-column-gap-default\">\n\t\t\t\t\t<div class=\"elementor-column elementor-col-100 elementor-top-column elementor-element elementor-element-24c9f1f\" data-id=\"24c9f1f\" data-element_type=\"column\">\n\t\t\t<div class=\"elementor-widget-wrap elementor-element-populated\">\n\t\t\t\t\t\t<div class=\"elementor-element elementor-element-a5e247a elementor-invisible elementor-widget elementor-widget-heading\" data-id=\"a5e247a\" data-element_type=\"widget\" data-settings=\"{&quot;_animation&quot;:&quot;fadeInLeft&quot;}\" data-widget_type=\"heading.default\">\n\t\t\t\t<div class=\"elementor-widget-container\">\n\t\t\t\t\t<h1 class=\"elementor-heading-title elementor-size-default\">Contato<\/h1>\t\t\t\t<\/div>\n\t\t\t\t<\/div>\n\t\t\t\t\t<\/div>\n\t\t<\/div>\n\t\t\t\t\t<\/div>\n\t\t<\/section>\n\t\t\t\t<section class=\"elementor-section elementor-top-section elementor-element elementor-element-34cbd81 elementor-section-boxed elementor-section-height-default elementor-section-height-default\" data-id=\"34cbd81\" data-element_type=\"section\" data-settings=\"{&quot;background_background&quot;:&quot;classic&quot;}\">\n\t\t\t\t\t\t<div class=\"elementor-container elementor-column-gap-default\">\n\t\t\t\t\t<div class=\"elementor-column elementor-col-66 elementor-top-column elementor-element elementor-element-1dfb88a\" data-id=\"1dfb88a\" data-element_type=\"column\">\n\t\t\t<div class=\"elementor-widget-wrap elementor-element-populated\">\n\t\t\t\t\t\t<div class=\"elementor-element elementor-element-0d4aca1 elementor-widget elementor-widget-heading\" data-id=\"0d4aca1\" data-element_type=\"widget\" data-widget_type=\"heading.default\">\n\t\t\t\t<div class=\"elementor-widget-container\">\n\t\t\t\t\t<h2 class=\"elementor-heading-title elementor-size-default\">Envie uma mensagem<\/h2>\t\t\t\t<\/div>\n\t\t\t\t<\/div>\n\t\t\t\t<div class=\"elementor-element elementor-element-ecc0d52 elementor-widget elementor-widget-shortcode\" data-id=\"ecc0d52\" data-element_type=\"widget\" data-widget_type=\"shortcode.default\">\n\t\t\t\t<div class=\"elementor-widget-container\">\n\t\t\t\t\t\t\t<div class=\"elementor-shortcode\"><div class=\"wpforms-container \" id=\"wpforms-564\"><form id=\"wpforms-form-564\" class=\"wpforms-validate wpforms-form\" data-formid=\"564\" method=\"post\" enctype=\"multipart\/form-data\" action=\"\/index.php?rest_route=%2Fwp%2Fv2%2Fpages%2F577\" data-token=\"4f478489b0a91d1fc1073cf28ef37aa1\" data-token-time=\"1775913658\"><noscript class=\"wpforms-error-noscript\">Ative o JavaScript no seu navegador para preencher este formul\u00e1rio.<\/noscript><div class=\"wpforms-field-container\"><div id=\"wpforms-564-field_0-container\" class=\"wpforms-field wpforms-field-name\" data-field-id=\"0\"><label class=\"wpforms-field-label wpforms-label-hide\" for=\"wpforms-564-field_0\">Nome <span class=\"wpforms-required-label\">*<\/span><\/label><input type=\"text\" id=\"wpforms-564-field_0\" class=\"wpforms-field-large wpforms-field-required\" name=\"wpforms[fields][0]\" placeholder=\"Nome\" required><\/div><div id=\"wpforms-564-field_1-container\" class=\"wpforms-field wpforms-field-email\" data-field-id=\"1\"><label class=\"wpforms-field-label wpforms-label-hide\" for=\"wpforms-564-field_1\">Email <span class=\"wpforms-required-label\">*<\/span><\/label><input type=\"email\" id=\"wpforms-564-field_1\" class=\"wpforms-field-large wpforms-field-required\" name=\"wpforms[fields][1]\" placeholder=\"Endere\u00e7o de Email\" spellcheck=\"false\" required><\/div><div id=\"wpforms-564-field_2-container\" class=\"wpforms-field wpforms-field-textarea\" data-field-id=\"2\"><label class=\"wpforms-field-label wpforms-label-hide\" for=\"wpforms-564-field_2\">Mensagem <span class=\"wpforms-required-label\">*<\/span><\/label><textarea id=\"wpforms-564-field_2\" class=\"wpforms-field-medium wpforms-field-required\" name=\"wpforms[fields][2]\" placeholder=\"Mensagem\" required><\/textarea><\/div><\/div><!-- .wpforms-field-container --><div class=\"wpforms-field wpforms-field-hp\"><label for=\"wpforms-564-field-hp\" class=\"wpforms-field-label\">Message<\/label><input type=\"text\" name=\"wpforms[hp]\" id=\"wpforms-564-field-hp\" class=\"wpforms-field-medium\"><\/div><div class=\"wpforms-submit-container\" ><input type=\"hidden\" name=\"wpforms[id]\" value=\"564\"><input type=\"hidden\" name=\"page_title\" value=\"\"><input type=\"hidden\" name=\"page_url\" value=\"https:\/\/dakasaacaiteria.com.br\/index.php?rest_route=\/wp\/v2\/pages\/577\"><input type=\"hidden\" name=\"url_referer\" value=\"\"><button type=\"submit\" name=\"wpforms[submit]\" id=\"wpforms-submit-564\" class=\"wpforms-submit\" data-alt-text=\"Enviando...\" data-submit-text=\"ENVIAR MENSAGEM\" aria-live=\"assertive\" value=\"wpforms-submit\">ENVIAR MENSAGEM<\/button><\/div><\/form><\/div>  <!-- .wpforms-container -->\t<\/div>\n\t\t\t\t\t\t<\/div>\n\t\t\t\t<\/div>\n\t\t\t\t\t<\/div>\n\t\t<\/div>\n\t\t\t\t<div class=\"elementor-column elementor-col-33 elementor-top-column elementor-element elementor-element-2c2b69c\" data-id=\"2c2b69c\" data-element_type=\"column\">\n\t\t\t<div class=\"elementor-widget-wrap elementor-element-populated\">\n\t\t\t\t\t\t<div class=\"elementor-element elementor-element-48dc1a0 elementor-widget elementor-widget-heading\" data-id=\"48dc1a0\" data-element_type=\"widget\" data-widget_type=\"heading.default\">\n\t\t\t\t<div class=\"elementor-widget-container\">\n\t\t\t\t\t<h2 class=\"elementor-heading-title elementor-size-default\">INFORMA\u00e7\u00d5es de contato<\/h2>\t\t\t\t<\/div>\n\t\t\t\t<\/div>\n\t\t\t\t<div class=\"elementor-element elementor-element-77c03f3 elementor-vertical-align-top elementor-widget elementor-widget-icon-box\" data-id=\"77c03f3\" data-element_type=\"widget\" data-widget_type=\"icon-box.default\">\n\t\t\t\t<div class=\"elementor-widget-container\">\n\t\t\t\t\t\t\t<div class=\"elementor-icon-box-wrapper\">\n\n\t\t\t\n\t\t\t\t\t\t<div class=\"elementor-icon-box-content\">\n\n\t\t\t\t\t\t\t\t\t<h5 class=\"elementor-icon-box-title\">\n\t\t\t\t\t\t<span  >\n\t\t\t\t\t\t\tEndere\u00e7o\t\t\t\t\t\t<\/span>\n\t\t\t\t\t<\/h5>\n\t\t\t\t\n\t\t\t\t\t\t\t\t\t<p class=\"elementor-icon-box-description\">\n\t\t\t\t\t\tR. Santana, 110 - Centro, Lavras - MG, 37200-194\t\t\t\t\t<\/p>\n\t\t\t\t\n\t\t\t<\/div>\n\t\t\t\n\t\t<\/div>\n\t\t\t\t\t\t<\/div>\n\t\t\t\t<\/div>\n\t\t\t\t<div class=\"elementor-element elementor-element-33e6ac1 elementor-vertical-align-top elementor-widget elementor-widget-icon-box\" data-id=\"33e6ac1\" data-element_type=\"widget\" data-widget_type=\"icon-box.default\">\n\t\t\t\t<div class=\"elementor-widget-container\">\n\t\t\t\t\t\t\t<div class=\"elementor-icon-box-wrapper\">\n\n\t\t\t\n\t\t\t\t\t\t<div class=\"elementor-icon-box-content\">\n\n\t\t\t\t\t\t\t\t\t<h5 class=\"elementor-icon-box-title\">\n\t\t\t\t\t\t<span  >\n\t\t\t\t\t\t\tEmail\t\t\t\t\t\t<\/span>\n\t\t\t\t\t<\/h5>\n\t\t\t\t\n\t\t\t\t\t\t\t\t\t<p class=\"elementor-icon-box-description\">\n\t\t\t\t\t\tdakasaacaiteria@gmail.com\t\t\t\t\t<\/p>\n\t\t\t\t\n\t\t\t<\/div>\n\t\t\t\n\t\t<\/div>\n\t\t\t\t\t\t<\/div>\n\t\t\t\t<\/div>\n\t\t\t\t<div class=\"elementor-element elementor-element-ae9e05d elementor-vertical-align-top elementor-widget elementor-widget-icon-box\" data-id=\"ae9e05d\" data-element_type=\"widget\" data-widget_type=\"icon-box.default\">\n\t\t\t\t<div class=\"elementor-widget-container\">\n\t\t\t\t\t\t\t<div class=\"elementor-icon-box-wrapper\">\n\n\t\t\t\n\t\t\t\t\t\t<div class=\"elementor-icon-box-content\">\n\n\t\t\t\t\t\t\t\t\t<h5 class=\"elementor-icon-box-title\">\n\t\t\t\t\t\t<span  >\n\t\t\t\t\t\t\tContato\t\t\t\t\t\t<\/span>\n\t\t\t\t\t<\/h5>\n\t\t\t\t\n\t\t\t\t\t\t\t\t\t<p class=\"elementor-icon-box-description\">\n\t\t\t\t\t\t(35) 99750-7659\t\t\t\t\t<\/p>\n\t\t\t\t\n\t\t\t<\/div>\n\t\t\t\n\t\t<\/div>\n\t\t\t\t\t\t<\/div>\n\t\t\t\t<\/div>\n\t\t\t\t<div class=\"elementor-element elementor-element-d82cf08 elementor-widget elementor-widget-heading\" data-id=\"d82cf08\" data-element_type=\"widget\" data-widget_type=\"heading.default\">\n\t\t\t\t<div class=\"elementor-widget-container\">\n\t\t\t\t\t<h5 class=\"elementor-heading-title elementor-size-default\">Siga-nos Nas Redes Sociais<\/h5>\t\t\t\t<\/div>\n\t\t\t\t<\/div>\n\t\t\t\t<div class=\"elementor-element elementor-element-2907d36 elementor-shape-circle e-grid-align-left e-grid-align-mobile-left elementor-grid-mobile-3 elementor-grid-0 elementor-widget elementor-widget-social-icons\" data-id=\"2907d36\" data-element_type=\"widget\" data-widget_type=\"social-icons.default\">\n\t\t\t\t<div class=\"elementor-widget-container\">\n\t\t\t\t\t\t\t<div class=\"elementor-social-icons-wrapper elementor-grid\">\n\t\t\t\t\t\t\t<span class=\"elementor-grid-item\">\n\t\t\t\t\t<a class=\"elementor-icon elementor-social-icon elementor-social-icon-whatsapp elementor-repeater-item-288d2c1\" href=\"https:\/\/wa.me\/5535997507659\" target=\"_blank\">\n\t\t\t\t\t\t<span class=\"elementor-screen-only\">Whatsapp<\/span>\n\t\t\t\t\t\t<i class=\"fab fa-whatsapp\"><\/i>\t\t\t\t\t<\/a>\n\t\t\t\t<\/span>\n\t\t\t\t\t\t\t<span class=\"elementor-grid-item\">\n\t\t\t\t\t<a class=\"elementor-icon elementor-social-icon elementor-social-icon-instagram elementor-repeater-item-0ec3dce\" href=\"https:\/\/www.instagram.com\/dakasaacaiteria\/\">\n\t\t\t\t\t\t<span class=\"elementor-screen-only\">Instagram<\/span>\n\t\t\t\t\t\t<i class=\"fab fa-instagram\"><\/i>\t\t\t\t\t<\/a>\n\t\t\t\t<\/span>\n\t\t\t\t\t\t\t<span class=\"elementor-grid-item\">\n\t\t\t\t\t<a class=\"elementor-icon elementor-social-icon elementor-social-icon-facebook-f elementor-repeater-item-57fe014\" href=\"https:\/\/www.facebook.com\/creamberryfranquia\/\">\n\t\t\t\t\t\t<span class=\"elementor-screen-only\">Facebook-f<\/span>\n\t\t\t\t\t\t<i class=\"fab fa-facebook-f\"><\/i>\t\t\t\t\t<\/a>\n\t\t\t\t<\/span>\n\t\t\t\t\t<\/div>\n\t\t\t\t\t\t<\/div>\n\t\t\t\t<\/div>\n\t\t\t\t\t<\/div>\n\t\t<\/div>\n\t\t\t\t\t<\/div>\n\t\t<\/section>\n\t\t<div class=\"elementor-element elementor-element-41f44ab e-flex e-con-boxed e-con e-parent\" data-id=\"41f44ab\" data-element_type=\"container\">\n\t\t\t\t\t<div class=\"e-con-inner\">\n\t\t\t\t<div class=\"elementor-element elementor-element-bc050ad elementor-widget elementor-widget-glf_elementor_opening_hours\" data-id=\"bc050ad\" data-element_type=\"widget\" data-widget_type=\"glf_elementor_opening_hours.default\">\n\t\t\t\t<div class=\"elementor-widget-container\">\n\t\t\t\t\t<div class=\"glf-widget-opening-hours\">\n                            <div class=\"wood-background\" lazy-style=\"background-image: url(https:\/\/dakasaacaiteria.com.br\/wp-content\/plugins\/menu-ordering-reservations\/assets\/images\/wood2.png)\" style=\"background-image: url(https:\/\/dakasaacaiteria.com.br\/wp-content\/plugins\/menu-ordering-reservations\/assets\/images\/wood2.png)\"><\/div> \n                            <div class=\"wood-border-1\"><\/div> \n                            <div class=\"wood-border-2\"><\/div>\n                            <div id=\"glf-opening-data\" style=\"display: none;\"><span class=\"types\">{&quot;opening&quot;:&quot;Opening Hours&quot;,&quot;pickup&quot;:&quot;Pickup Service&quot;,&quot;delivery&quot;:&quot;Delivery Service&quot;,&quot;reservation&quot;:&quot;Reservations&quot;,&quot;preserve&quot;:&quot;Table Reservations&quot;}<\/span><span class=\"hours\">{&quot;opening&quot;:[{&quot;created_at&quot;:&quot;2024-02-06T13:15:41.000Z&quot;,&quot;updated_at&quot;:&quot;2024-09-07T23:44:23.000Z&quot;,&quot;id&quot;:925202,&quot;type&quot;:&quot;opening&quot;,&quot;day_of_week&quot;:64,&quot;begin_minute&quot;:780,&quot;end_minute&quot;:1260,&quot;createdAt&quot;:&quot;2024-02-06T13:15:41.000Z&quot;,&quot;updatedAt&quot;:&quot;2024-09-07T23:44:23.000Z&quot;,&quot;restaurant_id&quot;:457547},{&quot;created_at&quot;:&quot;2024-11-19T21:23:36.000Z&quot;,&quot;updated_at&quot;:&quot;2025-01-07T15:58:17.000Z&quot;,&quot;id&quot;:1010991,&quot;type&quot;:&quot;opening&quot;,&quot;day_of_week&quot;:63,&quot;begin_minute&quot;:720,&quot;end_minute&quot;:1200,&quot;createdAt&quot;:&quot;2024-11-19T21:23:36.000Z&quot;,&quot;updatedAt&quot;:&quot;2025-01-07T15:58:17.000Z&quot;,&quot;restaurant_id&quot;:457547}],&quot;pickup&quot;:[{&quot;created_at&quot;:&quot;2023-09-16T15:08:10.000Z&quot;,&quot;updated_at&quot;:&quot;2025-03-04T23:58:46.000Z&quot;,&quot;id&quot;:888390,&quot;type&quot;:&quot;pickup&quot;,&quot;day_of_week&quot;:63,&quot;begin_minute&quot;:720,&quot;end_minute&quot;:1200,&quot;createdAt&quot;:&quot;2023-09-16T15:08:10.000Z&quot;,&quot;updatedAt&quot;:&quot;2025-03-04T23:58:46.000Z&quot;,&quot;restaurant_id&quot;:457547},{&quot;created_at&quot;:&quot;2024-02-06T13:16:24.000Z&quot;,&quot;updated_at&quot;:&quot;2024-09-07T23:44:11.000Z&quot;,&quot;id&quot;:925203,&quot;type&quot;:&quot;pickup&quot;,&quot;day_of_week&quot;:64,&quot;begin_minute&quot;:780,&quot;end_minute&quot;:1260,&quot;createdAt&quot;:&quot;2024-02-06T13:16:24.000Z&quot;,&quot;updatedAt&quot;:&quot;2024-09-07T23:44:11.000Z&quot;,&quot;restaurant_id&quot;:457547}],&quot;delivery&quot;:[{&quot;created_at&quot;:&quot;2023-09-16T15:08:00.000Z&quot;,&quot;updated_at&quot;:&quot;2025-01-07T15:58:47.000Z&quot;,&quot;id&quot;:888389,&quot;type&quot;:&quot;delivery&quot;,&quot;day_of_week&quot;:63,&quot;begin_minute&quot;:720,&quot;end_minute&quot;:1170,&quot;createdAt&quot;:&quot;2023-09-16T15:08:00.000Z&quot;,&quot;updatedAt&quot;:&quot;2025-01-07T15:58:47.000Z&quot;,&quot;restaurant_id&quot;:457547},{&quot;created_at&quot;:&quot;2024-02-06T13:17:02.000Z&quot;,&quot;updated_at&quot;:&quot;2024-11-19T21:22:52.000Z&quot;,&quot;id&quot;:925204,&quot;type&quot;:&quot;delivery&quot;,&quot;day_of_week&quot;:64,&quot;begin_minute&quot;:780,&quot;end_minute&quot;:1230,&quot;createdAt&quot;:&quot;2024-02-06T13:17:02.000Z&quot;,&quot;updatedAt&quot;:&quot;2024-11-19T21:22:52.000Z&quot;,&quot;restaurant_id&quot;:457547}]}<\/span><span class=\"country\">BR<\/span><span class=\"days\">[&quot;Monday&quot;,&quot;Tuesday&quot;,&quot;Wednesday&quot;,&quot;Thursday&quot;,&quot;Friday&quot;,&quot;Saturday&quot;,&quot;Sunday&quot;]<\/span><\/div>\n                            <div class=\"content\" >\n                            <\/div >\n                        <\/div >\t\t\t\t<\/div>\n\t\t\t\t<\/div>\n\t\t\t\t\t<\/div>\n\t\t\t\t<\/div>\n\t\t\t\t<\/div>\n\t\t","protected":false},"excerpt":{"rendered":"<p>Contato Envie uma mensagem INFORMA\u00e7\u00d5es de contato Endere\u00e7o R. Santana, 110 &#8211; Centro, Lavras &#8211; MG, 37200-194 Email dakasaacaiteria@gmail.com Contato (35) 99750-7659 Siga-nos Nas Redes Sociais Whatsapp Instagram Facebook-f {&quot;opening&quot;:&quot;Opening Hours&quot;,&quot;pickup&quot;:&quot;Pickup Service&quot;,&quot;delivery&quot;:&quot;Delivery Service&quot;,&quot;reservation&quot;:&quot;Reservations&quot;,&quot;preserve&quot;:&quot;Table Reservations&quot;}{&quot;opening&quot;:[{&quot;created_at&quot;:&quot;2023-09-06T20:44:33.000Z&quot;,&quot;updated_at&quot;:&quot;2024-06-03T22:18:13.000Z&quot;,&quot;id&quot;:886165,&quot;type&quot;:&quot;opening&quot;,&quot;day_of_week&quot;:31,&quot;begin_minute&quot;:720,&quot;end_minute&quot;:1200,&quot;createdAt&quot;:&quot;2023-09-06T20:44:33.000Z&quot;,&quot;updatedAt&quot;:&quot;2024-06-03T22:18:13.000Z&quot;,&quot;restaurant_id&quot;:457547},{&quot;created_at&quot;:&quot;2024-02-06T13:15:41.000Z&quot;,&quot;updated_at&quot;:&quot;2024-06-03T22:18:19.000Z&quot;,&quot;id&quot;:925202,&quot;type&quot;:&quot;opening&quot;,&quot;day_of_week&quot;:96,&quot;begin_minute&quot;:720,&quot;end_minute&quot;:1200,&quot;createdAt&quot;:&quot;2024-02-06T13:15:41.000Z&quot;,&quot;updatedAt&quot;:&quot;2024-06-03T22:18:19.000Z&quot;,&quot;restaurant_id&quot;:457547}],&quot;pickup&quot;:[{&quot;created_at&quot;:&quot;2023-09-16T15:08:10.000Z&quot;,&quot;updated_at&quot;:&quot;2024-06-03T22:17:14.000Z&quot;,&quot;id&quot;:888390,&quot;type&quot;:&quot;pickup&quot;,&quot;day_of_week&quot;:31,&quot;begin_minute&quot;:720,&quot;end_minute&quot;:1200,&quot;createdAt&quot;:&quot;2023-09-16T15:08:10.000Z&quot;,&quot;updatedAt&quot;:&quot;2024-06-03T22:17:14.000Z&quot;,&quot;restaurant_id&quot;:457547},{&quot;created_at&quot;:&quot;2024-02-06T13:16:24.000Z&quot;,&quot;updated_at&quot;:&quot;2024-06-03T22:17:21.000Z&quot;,&quot;id&quot;:925203,&quot;type&quot;:&quot;pickup&quot;,&quot;day_of_week&quot;:96,&quot;begin_minute&quot;:720,&quot;end_minute&quot;:1200,&quot;createdAt&quot;:&quot;2024-02-06T13:16:24.000Z&quot;,&quot;updatedAt&quot;:&quot;2024-06-03T22:17:21.000Z&quot;,&quot;restaurant_id&quot;:457547}],&quot;delivery&quot;:[{&quot;created_at&quot;:&quot;2023-09-16T15:08:00.000Z&quot;,&quot;updated_at&quot;:&quot;2024-06-03T22:17:45.000Z&quot;,&quot;id&quot;:888389,&quot;type&quot;:&quot;delivery&quot;,&quot;day_of_week&quot;:31,&quot;begin_minute&quot;:720,&quot;end_minute&quot;:1185,&quot;createdAt&quot;:&quot;2023-09-16T15:08:00.000Z&quot;,&quot;updatedAt&quot;:&quot;2024-06-03T22:17:45.000Z&quot;,&quot;restaurant_id&quot;:457547},{&quot;created_at&quot;:&quot;2024-02-06T13:17:02.000Z&quot;,&quot;updated_at&quot;:&quot;2024-06-03T22:18:01.000Z&quot;,&quot;id&quot;:925204,&quot;type&quot;:&quot;delivery&quot;,&quot;day_of_week&quot;:100,&quot;begin_minute&quot;:720,&quot;end_minute&quot;:1185,&quot;createdAt&quot;:&quot;2024-02-06T13:17:02.000Z&quot;,&quot;updatedAt&quot;:&quot;2024-06-03T22:18:01.000Z&quot;,&quot;restaurant_id&quot;:457547}]}BR[&quot;Monday&quot;,&quot;Tuesday&quot;,&quot;Wednesday&quot;,&quot;Thursday&quot;,&quot;Friday&quot;,&quot;Saturday&quot;,&quot;Sunday&quot;]<\/p>\n","protected":false},"author":1,"featured_media":0,"parent":0,"menu_order":0,"comment_status":"closed","ping_status":"closed","template":"","meta":{"site-sidebar-layout":"no-sidebar","site-content-layout":"page-builder","ast-site-content-layout":"","site-content-style":"default","site-sidebar-style":"default","ast-global-header-display":"","ast-banner-title-visibility":"","ast-main-header-display":"","ast-hfb-above-header-display":"","ast-hfb-below-header-display":"","ast-hfb-mobile-header-display":"","site-post-title":"disabled","ast-breadcrumbs-content":"","ast-featured-img":"disabled","footer-sml-layout":"","theme-transparent-header-meta":"enabled","adv-header-id-meta":"","stick-header-meta":"","header-above-stick-meta":"","header-main-stick-meta":"","header-below-stick-meta":"","astra-migrate-meta-layouts":"","footnotes":""},"class_list":["post-577","page","type-page","status-publish","hentry"],"_links":{"self":[{"href":"https:\/\/dakasaacaiteria.com.br\/index.php?rest_route=\/wp\/v2\/pages\/577","targetHints":{"allow":["GET"]}}],"collection":[{"href":"https:\/\/dakasaacaiteria.com.br\/index.php?rest_route=\/wp\/v2\/pages"}],"about":[{"href":"https:\/\/dakasaacaiteria.com.br\/index.php?rest_route=\/wp\/v2\/types\/page"}],"author":[{"embeddable":true,"href":"https:\/\/dakasaacaiteria.com.br\/index.php?rest_route=\/wp\/v2\/users\/1"}],"replies":[{"embeddable":true,"href":"https:\/\/dakasaacaiteria.com.br\/index.php?rest_route=%2Fwp%2Fv2%2Fcomments&post=577"}],"version-history":[{"count":122,"href":"https:\/\/dakasaacaiteria.com.br\/index.php?rest_route=\/wp\/v2\/pages\/577\/revisions"}],"predecessor-version":[{"id":1621,"href":"https:\/\/dakasaacaiteria.com.br\/index.php?rest_route=\/wp\/v2\/pages\/577\/revisions\/1621"}],"wp:attachment":[{"href":"https:\/\/dakasaacaiteria.com.br\/index.php?rest_route=%2Fwp%2Fv2%2Fmedia&parent=577"}],"curies":[{"name":"wp","href":"https:\/\/api.w.org\/{rel}","templated":true}]}}