{"id":574,"date":"2018-11-27T09:16:54","date_gmt":"2018-11-27T11:16:54","guid":{"rendered":"https:\/\/dakasaacaiteria.com.br\/?page_id=574"},"modified":"2024-07-27T11:02:52","modified_gmt":"2024-07-27T14:02:52","slug":"pagina-inicial","status":"publish","type":"page","link":"https:\/\/dakasaacaiteria.com.br\/","title":{"rendered":"P\u00e1gina Inicial"},"content":{"rendered":"\t\t<div data-elementor-type=\"wp-page\" data-elementor-id=\"574\" class=\"elementor elementor-574\">\n\t\t\t\t\t\t<section class=\"elementor-section elementor-top-section elementor-element elementor-element-c50838b elementor-section-boxed elementor-section-height-default elementor-section-height-default\" data-id=\"c50838b\" data-element_type=\"section\" data-settings=\"{&quot;background_background&quot;:&quot;classic&quot;}\">\n\t\t\t\t\t\t\t<div class=\"elementor-background-overlay\"><\/div>\n\t\t\t\t\t\t\t<div class=\"elementor-container elementor-column-gap-default\">\n\t\t\t\t\t<div class=\"elementor-column elementor-col-100 elementor-top-column elementor-element elementor-element-b894697\" data-id=\"b894697\" data-element_type=\"column\">\n\t\t\t<div class=\"elementor-widget-wrap\">\n\t\t\t\t\t\t\t<\/div>\n\t\t<\/div>\n\t\t\t\t\t<\/div>\n\t\t<\/section>\n\t\t<div class=\"elementor-element elementor-element-85cb067 e-flex e-con-boxed e-con e-parent\" data-id=\"85cb067\" data-element_type=\"container\">\n\t\t\t\t\t<div class=\"e-con-inner\">\n\t\t\t\t<div class=\"elementor-element elementor-element-9783775 elementor-align-center elementor-widget elementor-widget-glf_elementor_widget_ordering\" data-id=\"9783775\" data-element_type=\"widget\" data-widget_type=\"glf_elementor_widget_ordering.default\">\n\t\t\t\t<div class=\"elementor-widget-container\">\n\t\t\t\t\t            <div class=\"elementor-button-wrapper\">\n\t\t\t<a class=\"elementor-button elementor-glf-button elementor-size-lg\" role=\"button\" data-glf-cuid=\"\" data-glf-ruid=\"2accad49-773b-4653-a806-d9bac7cdc449\" >\n                                 <span class=\"elementor-button-content-wrapper\">\n\t\t\t\t\t\t<span class=\"elementor-button-text\">Fa\u00e7a seu pedido<\/span>\n\t\t<\/span>\n                                            <script src=\"https:\/\/www.fbgcdn.com\/embedder\/js\/ewm2.js\" defer async><\/script>\n\t\t\t<\/a>\n\t\t<\/div>\n            \t\t\t\t<\/div>\n\t\t\t\t<\/div>\n\t\t\t\t\t<\/div>\n\t\t\t\t<\/div>\n\t\t\t\t<section class=\"elementor-section elementor-top-section elementor-element elementor-element-c604d49 elementor-section-boxed elementor-section-height-default elementor-section-height-default\" data-id=\"c604d49\" data-element_type=\"section\">\n\t\t\t\t\t\t<div class=\"elementor-container elementor-column-gap-default\">\n\t\t\t\t\t<div class=\"elementor-column elementor-col-33 elementor-top-column elementor-element elementor-element-db54639\" data-id=\"db54639\" data-element_type=\"column\">\n\t\t\t<div class=\"elementor-widget-wrap elementor-element-populated\">\n\t\t\t\t\t\t<div class=\"elementor-element elementor-element-fb8d721 elementor-widget elementor-widget-heading\" data-id=\"fb8d721\" data-element_type=\"widget\" data-widget_type=\"heading.default\">\n\t\t\t\t<div class=\"elementor-widget-container\">\n\t\t\t\t\t<h2 class=\"elementor-heading-title elementor-size-default\">destaques<\/h2>\t\t\t\t<\/div>\n\t\t\t\t<\/div>\n\t\t\t\t<div class=\"elementor-element elementor-element-a271134 elementor-widget-divider--view-line elementor-widget elementor-widget-divider\" data-id=\"a271134\" data-element_type=\"widget\" data-widget_type=\"divider.default\">\n\t\t\t\t<div class=\"elementor-widget-container\">\n\t\t\t\t\t\t\t<div class=\"elementor-divider\">\n\t\t\t<span class=\"elementor-divider-separator\">\n\t\t\t\t\t\t<\/span>\n\t\t<\/div>\n\t\t\t\t\t\t<\/div>\n\t\t\t\t<\/div>\n\t\t\t\t<div class=\"elementor-element elementor-element-38df08c elementor-widget elementor-widget-text-editor\" data-id=\"38df08c\" data-element_type=\"widget\" data-widget_type=\"text-editor.default\">\n\t\t\t\t<div class=\"elementor-widget-container\">\n\t\t\t\t\t\t\t\t\t<p style=\"text-align: justify;\">Na Da Kasa A\u00e7aiteria voc\u00ea encontra uma ampla variedade de produtos al\u00e9m do tradicional a\u00e7a\u00ed, como sorvetes, picol\u00e9s, cream shakes, saladas de frutas e cremes variados. Tudo isso com a qualidade que voc\u00ea j\u00e1 conhece e confia que somente a Da Kasa A\u00e7aiteria consegue oferecer!\u00a0<\/p>\t\t\t\t\t\t\t\t<\/div>\n\t\t\t\t<\/div>\n\t\t\t\t<div class=\"elementor-element elementor-element-e0ce68f elementor-align-left elementor-mobile-align-center elementor-widget elementor-widget-button\" data-id=\"e0ce68f\" data-element_type=\"widget\" data-widget_type=\"button.default\">\n\t\t\t\t<div class=\"elementor-widget-container\">\n\t\t\t\t\t\t\t\t\t<div class=\"elementor-button-wrapper\">\n\t\t\t\t\t<a class=\"elementor-button elementor-button-link elementor-size-sm\" href=\"https:\/\/dakasaacaiteria.com.br\/?page_id=575\">\n\t\t\t\t\t\t<span class=\"elementor-button-content-wrapper\">\n\t\t\t\t\t\t\t\t\t<span class=\"elementor-button-text\">Card\u00e1pio<\/span>\n\t\t\t\t\t<\/span>\n\t\t\t\t\t<\/a>\n\t\t\t\t<\/div>\n\t\t\t\t\t\t\t\t<\/div>\n\t\t\t\t<\/div>\n\t\t\t\t\t<\/div>\n\t\t<\/div>\n\t\t\t\t<div class=\"elementor-column elementor-col-33 elementor-top-column elementor-element elementor-element-0e0426c\" data-id=\"0e0426c\" data-element_type=\"column\">\n\t\t\t<div class=\"elementor-widget-wrap elementor-element-populated\">\n\t\t\t\t\t\t<div class=\"elementor-element elementor-element-8d7aa89 elementor-widget elementor-widget-image\" data-id=\"8d7aa89\" data-element_type=\"widget\" data-widget_type=\"image.default\">\n\t\t\t\t<div class=\"elementor-widget-container\">\n\t\t\t\t\t\t\t\t\t\t\t\t\t\t\t<img fetchpriority=\"high\" decoding=\"async\" width=\"1024\" height=\"1024\" src=\"https:\/\/dakasaacaiteria.com.br\/wp-content\/uploads\/2024\/06\/Foto1.png\" class=\"attachment-large size-large wp-image-1546\" alt=\"\" srcset=\"https:\/\/dakasaacaiteria.com.br\/wp-content\/uploads\/2024\/06\/Foto1.png 1024w, https:\/\/dakasaacaiteria.com.br\/wp-content\/uploads\/2024\/06\/Foto1-300x300.png 300w, https:\/\/dakasaacaiteria.com.br\/wp-content\/uploads\/2024\/06\/Foto1-150x150.png 150w, https:\/\/dakasaacaiteria.com.br\/wp-content\/uploads\/2024\/06\/Foto1-768x768.png 768w\" sizes=\"(max-width: 1024px) 100vw, 1024px\" \/>\t\t\t\t\t\t\t\t\t\t\t\t\t\t\t<\/div>\n\t\t\t\t<\/div>\n\t\t\t\t<div class=\"elementor-element elementor-element-b7c6863 elementor-widget elementor-widget-image\" data-id=\"b7c6863\" data-element_type=\"widget\" data-widget_type=\"image.default\">\n\t\t\t\t<div class=\"elementor-widget-container\">\n\t\t\t\t\t\t\t\t\t\t\t\t\t\t\t<img decoding=\"async\" width=\"1024\" height=\"1024\" src=\"https:\/\/dakasaacaiteria.com.br\/wp-content\/uploads\/2024\/06\/Foto7.png\" class=\"attachment-full size-full wp-image-1547\" alt=\"\" srcset=\"https:\/\/dakasaacaiteria.com.br\/wp-content\/uploads\/2024\/06\/Foto7.png 1024w, https:\/\/dakasaacaiteria.com.br\/wp-content\/uploads\/2024\/06\/Foto7-300x300.png 300w, https:\/\/dakasaacaiteria.com.br\/wp-content\/uploads\/2024\/06\/Foto7-150x150.png 150w, https:\/\/dakasaacaiteria.com.br\/wp-content\/uploads\/2024\/06\/Foto7-768x768.png 768w\" sizes=\"(max-width: 1024px) 100vw, 1024px\" \/>\t\t\t\t\t\t\t\t\t\t\t\t\t\t\t<\/div>\n\t\t\t\t<\/div>\n\t\t\t\t\t<\/div>\n\t\t<\/div>\n\t\t\t\t<div class=\"elementor-column elementor-col-33 elementor-top-column elementor-element elementor-element-3b90556\" data-id=\"3b90556\" data-element_type=\"column\">\n\t\t\t<div class=\"elementor-widget-wrap elementor-element-populated\">\n\t\t\t\t\t\t<div class=\"elementor-element elementor-element-dc7d86f elementor-widget elementor-widget-image\" data-id=\"dc7d86f\" data-element_type=\"widget\" data-widget_type=\"image.default\">\n\t\t\t\t<div class=\"elementor-widget-container\">\n\t\t\t\t\t\t\t\t\t\t\t\t\t\t\t<img decoding=\"async\" width=\"1024\" height=\"1024\" src=\"https:\/\/dakasaacaiteria.com.br\/wp-content\/uploads\/2024\/06\/Foto8.png\" class=\"attachment-full size-full wp-image-1550\" alt=\"\" srcset=\"https:\/\/dakasaacaiteria.com.br\/wp-content\/uploads\/2024\/06\/Foto8.png 1024w, https:\/\/dakasaacaiteria.com.br\/wp-content\/uploads\/2024\/06\/Foto8-300x300.png 300w, https:\/\/dakasaacaiteria.com.br\/wp-content\/uploads\/2024\/06\/Foto8-150x150.png 150w, https:\/\/dakasaacaiteria.com.br\/wp-content\/uploads\/2024\/06\/Foto8-768x768.png 768w\" sizes=\"(max-width: 1024px) 100vw, 1024px\" \/>\t\t\t\t\t\t\t\t\t\t\t\t\t\t\t<\/div>\n\t\t\t\t<\/div>\n\t\t\t\t<div class=\"elementor-element elementor-element-50649d3 elementor-widget elementor-widget-image\" data-id=\"50649d3\" data-element_type=\"widget\" data-widget_type=\"image.default\">\n\t\t\t\t<div class=\"elementor-widget-container\">\n\t\t\t\t\t\t\t\t\t\t\t\t\t\t\t<img loading=\"lazy\" decoding=\"async\" width=\"1024\" height=\"1024\" src=\"https:\/\/dakasaacaiteria.com.br\/wp-content\/uploads\/2024\/06\/Foto5.png\" class=\"attachment-large size-large wp-image-1548\" alt=\"\" srcset=\"https:\/\/dakasaacaiteria.com.br\/wp-content\/uploads\/2024\/06\/Foto5.png 1024w, https:\/\/dakasaacaiteria.com.br\/wp-content\/uploads\/2024\/06\/Foto5-300x300.png 300w, https:\/\/dakasaacaiteria.com.br\/wp-content\/uploads\/2024\/06\/Foto5-150x150.png 150w, https:\/\/dakasaacaiteria.com.br\/wp-content\/uploads\/2024\/06\/Foto5-768x768.png 768w\" sizes=\"(max-width: 1024px) 100vw, 1024px\" \/>\t\t\t\t\t\t\t\t\t\t\t\t\t\t\t<\/div>\n\t\t\t\t<\/div>\n\t\t\t\t\t<\/div>\n\t\t<\/div>\n\t\t\t\t\t<\/div>\n\t\t<\/section>\n\t\t\t\t<section class=\"elementor-section elementor-top-section elementor-element elementor-element-6ca69fb elementor-section-boxed elementor-section-height-default elementor-section-height-default\" data-id=\"6ca69fb\" data-element_type=\"section\" data-settings=\"{&quot;background_background&quot;:&quot;classic&quot;}\">\n\t\t\t\t\t\t\t<div class=\"elementor-background-overlay\"><\/div>\n\t\t\t\t\t\t\t<div class=\"elementor-container elementor-column-gap-default\">\n\t\t\t\t\t<div class=\"elementor-column elementor-col-100 elementor-top-column elementor-element elementor-element-83126ba\" data-id=\"83126ba\" data-element_type=\"column\">\n\t\t\t<div class=\"elementor-widget-wrap elementor-element-populated\">\n\t\t\t\t\t\t<div class=\"elementor-element elementor-element-a4201ca elementor-widget elementor-widget-heading\" data-id=\"a4201ca\" data-element_type=\"widget\" data-widget_type=\"heading.default\">\n\t\t\t\t<div class=\"elementor-widget-container\">\n\t\t\t\t\t<h2 class=\"elementor-heading-title elementor-size-default\">Sobre n\u00f3s<\/h2>\t\t\t\t<\/div>\n\t\t\t\t<\/div>\n\t\t\t\t<div class=\"elementor-element elementor-element-ea4fa02 elementor-widget-divider--view-line elementor-widget elementor-widget-divider\" data-id=\"ea4fa02\" data-element_type=\"widget\" data-widget_type=\"divider.default\">\n\t\t\t\t<div class=\"elementor-widget-container\">\n\t\t\t\t\t\t\t<div class=\"elementor-divider\">\n\t\t\t<span class=\"elementor-divider-separator\">\n\t\t\t\t\t\t<\/span>\n\t\t<\/div>\n\t\t\t\t\t\t<\/div>\n\t\t\t\t<\/div>\n\t\t\t\t<div class=\"elementor-element elementor-element-f6d0e84 elementor-widget elementor-widget-text-editor\" data-id=\"f6d0e84\" data-element_type=\"widget\" data-widget_type=\"text-editor.default\">\n\t\t\t\t<div class=\"elementor-widget-container\">\n\t\t\t\t\t\t\t\t\t<p>Da Kasa A\u00e7aiteria, a mais nova marca de a\u00e7a\u00ed em Lavras<span style=\"font-size: 16px;\">&#8230;<\/span><\/p>\t\t\t\t\t\t\t\t<\/div>\n\t\t\t\t<\/div>\n\t\t\t\t<div class=\"elementor-element elementor-element-02d76f3 elementor-align-left elementor-mobile-align-center elementor-widget elementor-widget-button\" data-id=\"02d76f3\" data-element_type=\"widget\" data-widget_type=\"button.default\">\n\t\t\t\t<div class=\"elementor-widget-container\">\n\t\t\t\t\t\t\t\t\t<div class=\"elementor-button-wrapper\">\n\t\t\t\t\t<a class=\"elementor-button elementor-button-link elementor-size-sm\" href=\"https:\/\/dakasaacaiteria.com.br\/?page_id=5\">\n\t\t\t\t\t\t<span class=\"elementor-button-content-wrapper\">\n\t\t\t\t\t\t<span class=\"elementor-button-icon\">\n\t\t\t\t<i aria-hidden=\"true\" class=\"fas fa-long-arrow-alt-right\"><\/i>\t\t\t<\/span>\n\t\t\t\t\t\t\t\t\t<span class=\"elementor-button-text\">Saiba Mais<\/span>\n\t\t\t\t\t<\/span>\n\t\t\t\t\t<\/a>\n\t\t\t\t<\/div>\n\t\t\t\t\t\t\t\t<\/div>\n\t\t\t\t<\/div>\n\t\t\t\t\t<\/div>\n\t\t<\/div>\n\t\t\t\t\t<\/div>\n\t\t<\/section>\n\t\t\t\t<\/div>\n\t\t","protected":false},"excerpt":{"rendered":"<p>Fa\u00e7a seu pedido destaques Na Da Kasa A\u00e7aiteria voc\u00ea encontra uma ampla variedade de produtos al\u00e9m do tradicional a\u00e7a\u00ed, como sorvetes, picol\u00e9s, cream shakes, saladas de frutas e cremes variados. Tudo isso com a qualidade que voc\u00ea j\u00e1 conhece e confia que somente a Da Kasa A\u00e7aiteria consegue oferecer!\u00a0 Card\u00e1pio Sobre n\u00f3s Da Kasa A\u00e7aiteria, &hellip;<\/p>\n<p class=\"read-more\"> <a class=\"\" href=\"https:\/\/dakasaacaiteria.com.br\/\"> <span class=\"screen-reader-text\">P\u00e1gina Inicial<\/span> Leia mais &raquo;<\/a><\/p>\n","protected":false},"author":1,"featured_media":0,"parent":0,"menu_order":0,"comment_status":"closed","ping_status":"closed","template":"","meta":{"site-sidebar-layout":"no-sidebar","site-content-layout":"page-builder","ast-site-content-layout":"","site-content-style":"default","site-sidebar-style":"default","ast-global-header-display":"","ast-banner-title-visibility":"","ast-main-header-display":"","ast-hfb-above-header-display":"","ast-hfb-below-header-display":"","ast-hfb-mobile-header-display":"","site-post-title":"disabled","ast-breadcrumbs-content":"","ast-featured-img":"disabled","footer-sml-layout":"","theme-transparent-header-meta":"enabled","adv-header-id-meta":"","stick-header-meta":"","header-above-stick-meta":"","header-main-stick-meta":"","header-below-stick-meta":"","astra-migrate-meta-layouts":"","footnotes":""},"class_list":["post-574","page","type-page","status-publish","hentry"],"_links":{"self":[{"href":"https:\/\/dakasaacaiteria.com.br\/index.php?rest_route=\/wp\/v2\/pages\/574","targetHints":{"allow":["GET"]}}],"collection":[{"href":"https:\/\/dakasaacaiteria.com.br\/index.php?rest_route=\/wp\/v2\/pages"}],"about":[{"href":"https:\/\/dakasaacaiteria.com.br\/index.php?rest_route=\/wp\/v2\/types\/page"}],"author":[{"embeddable":true,"href":"https:\/\/dakasaacaiteria.com.br\/index.php?rest_route=\/wp\/v2\/users\/1"}],"replies":[{"embeddable":true,"href":"https:\/\/dakasaacaiteria.com.br\/index.php?rest_route=%2Fwp%2Fv2%2Fcomments&post=574"}],"version-history":[{"count":170,"href":"https:\/\/dakasaacaiteria.com.br\/index.php?rest_route=\/wp\/v2\/pages\/574\/revisions"}],"predecessor-version":[{"id":1634,"href":"https:\/\/dakasaacaiteria.com.br\/index.php?rest_route=\/wp\/v2\/pages\/574\/revisions\/1634"}],"wp:attachment":[{"href":"https:\/\/dakasaacaiteria.com.br\/index.php?rest_route=%2Fwp%2Fv2%2Fmedia&parent=574"}],"curies":[{"name":"wp","href":"https:\/\/api.w.org\/{rel}","templated":true}]}}